{"id":7488,"date":"2025-06-17T18:49:55","date_gmt":"2025-06-17T18:49:55","guid":{"rendered":"https:\/\/www.fongabogados.com\/?page_id=7488"},"modified":"2025-08-01T20:43:30","modified_gmt":"2025-08-01T20:43:30","slug":"jorge-enrique-fong-ledesma","status":"publish","type":"page","link":"https:\/\/www.fongabogados.com\/?page_id=7488","title":{"rendered":"Jorge Enrique Fong Ledesma"},"content":{"rendered":"\t\t<div data-elementor-type=\"wp-page\" data-elementor-id=\"7488\" class=\"elementor elementor-7488\">\n\t\t\t\t\t\t<section class=\"elementor-section elementor-top-section elementor-element elementor-element-58eb646c elementor-section-boxed elementor-section-height-default elementor-section-height-default\" data-id=\"58eb646c\" data-element_type=\"section\" data-settings=\"{&quot;background_background&quot;:&quot;classic&quot;}\">\n\t\t\t\t\t\t<div class=\"elementor-container elementor-column-gap-default\">\n\t\t\t\t\t<div class=\"elementor-column elementor-col-100 elementor-top-column elementor-element elementor-element-1c307f85\" data-id=\"1c307f85\" data-element_type=\"column\" data-settings=\"{&quot;background_background&quot;:&quot;classic&quot;}\">\n\t\t\t<div class=\"elementor-widget-wrap elementor-element-populated\">\n\t\t\t\t\t\t<div class=\"elementor-element elementor-element-e297e52 elementor-widget-divider--view-line elementor-widget elementor-widget-divider\" data-id=\"e297e52\" data-element_type=\"widget\" data-widget_type=\"divider.default\">\n\t\t\t\t<div class=\"elementor-widget-container\">\n\t\t\t\t\t\t\t<div class=\"elementor-divider\">\n\t\t\t<span class=\"elementor-divider-separator\">\n\t\t\t\t\t\t<\/span>\n\t\t<\/div>\n\t\t\t\t\t\t<\/div>\n\t\t\t\t<\/div>\n\t\t\t\t<section class=\"elementor-section elementor-inner-section elementor-element elementor-element-79381424 teams-sec elementor-section-boxed elementor-section-height-default elementor-section-height-default\" data-id=\"79381424\" data-element_type=\"section\">\n\t\t\t\t\t\t<div class=\"elementor-container elementor-column-gap-default\">\n\t\t\t\t\t<div class=\"elementor-column elementor-col-50 elementor-inner-column elementor-element elementor-element-77cf6f14 elementor-invisible\" data-id=\"77cf6f14\" data-element_type=\"column\" data-settings=\"{&quot;animation&quot;:&quot;fadeInLeft&quot;}\">\n\t\t\t<div class=\"elementor-widget-wrap elementor-element-populated\">\n\t\t\t\t\t\t<div class=\"elementor-element elementor-element-4339b231 elementor-widget elementor-widget-image\" data-id=\"4339b231\" data-element_type=\"widget\" data-widget_type=\"image.default\">\n\t\t\t\t<div class=\"elementor-widget-container\">\n\t\t\t\t\t\t\t\t\t\t\t\t\t\t\t<img fetchpriority=\"high\" decoding=\"async\" width=\"768\" height=\"1073\" src=\"https:\/\/www.fongabogados.com\/wp-content\/uploads\/2025\/08\/8-768x1073.png\" class=\"elementor-animation-float attachment-medium_large size-medium_large wp-image-7663\" alt=\"\" srcset=\"https:\/\/www.fongabogados.com\/wp-content\/uploads\/2025\/08\/8-768x1073.png 768w, https:\/\/www.fongabogados.com\/wp-content\/uploads\/2025\/08\/8-215x300.png 215w, https:\/\/www.fongabogados.com\/wp-content\/uploads\/2025\/08\/8-733x1024.png 733w, https:\/\/www.fongabogados.com\/wp-content\/uploads\/2025\/08\/8.png 1024w\" sizes=\"(max-width: 768px) 100vw, 768px\" \/>\t\t\t\t\t\t\t\t\t\t\t\t\t\t\t<\/div>\n\t\t\t\t<\/div>\n\t\t\t\t<div class=\"elementor-element elementor-element-534d04ff elementor-widget elementor-widget-heading\" data-id=\"534d04ff\" data-element_type=\"widget\" data-widget_type=\"heading.default\">\n\t\t\t\t<div class=\"elementor-widget-container\">\n\t\t\t\t\t<h3 class=\"elementor-heading-title elementor-size-default\">Jorge Enrique Fong Ledesma<\/h3>\t\t\t\t<\/div>\n\t\t\t\t<\/div>\n\t\t\t\t<div class=\"elementor-element elementor-element-5c699292 elementor-widget elementor-widget-text-editor\" data-id=\"5c699292\" data-element_type=\"widget\" data-widget_type=\"text-editor.default\">\n\t\t\t\t<div class=\"elementor-widget-container\">\n\t\t\t\t\t\t\t\t\t<p><span style=\"font-weight: 400;\">Abogado, Especialista en derecho comercial, <\/span><span style=\"font-weight: 400;\">Gerente de la Firma.<\/span><\/p>\t\t\t\t\t\t\t\t<\/div>\n\t\t\t\t<\/div>\n\t\t\t\t<div class=\"elementor-element elementor-element-4152975 elementor-widget-divider--view-line elementor-widget elementor-widget-divider\" data-id=\"4152975\" data-element_type=\"widget\" data-widget_type=\"divider.default\">\n\t\t\t\t<div class=\"elementor-widget-container\">\n\t\t\t\t\t\t\t<div class=\"elementor-divider\">\n\t\t\t<span class=\"elementor-divider-separator\">\n\t\t\t\t\t\t<\/span>\n\t\t<\/div>\n\t\t\t\t\t\t<\/div>\n\t\t\t\t<\/div>\n\t\t\t\t<div class=\"elementor-element elementor-element-67ecc0b elementor-widget elementor-widget-button\" data-id=\"67ecc0b\" data-element_type=\"widget\" data-widget_type=\"button.default\">\n\t\t\t\t<div class=\"elementor-widget-container\">\n\t\t\t\t\t\t\t\t\t<div class=\"elementor-button-wrapper\">\n\t\t\t\t\t<a class=\"elementor-button elementor-button-link elementor-size-sm\" href=\"https:\/\/api.whatsapp.com\/send?phone=573184641234&#038;text=Buen+dia+Cordial+Saludo+Deseo+informacion+sobre+sus+servicios\">\n\t\t\t\t\t\t<span class=\"elementor-button-content-wrapper\">\n\t\t\t\t\t\t\t\t\t<span class=\"elementor-button-text\">Obtener Asesor\u00eda con Jorge<\/span>\n\t\t\t\t\t<\/span>\n\t\t\t\t\t<\/a>\n\t\t\t\t<\/div>\n\t\t\t\t\t\t\t\t<\/div>\n\t\t\t\t<\/div>\n\t\t\t\t\t<\/div>\n\t\t<\/div>\n\t\t\t\t<div class=\"elementor-column elementor-col-50 elementor-inner-column elementor-element elementor-element-23b1b127 elementor-invisible\" data-id=\"23b1b127\" data-element_type=\"column\" data-settings=\"{&quot;animation&quot;:&quot;fadeInLeft&quot;}\">\n\t\t\t<div class=\"elementor-widget-wrap elementor-element-populated\">\n\t\t\t\t\t\t<div class=\"elementor-element elementor-element-78017af0 elementor-widget elementor-widget-heading\" data-id=\"78017af0\" data-element_type=\"widget\" data-widget_type=\"heading.default\">\n\t\t\t\t<div class=\"elementor-widget-container\">\n\t\t\t\t\t<h3 class=\"elementor-heading-title elementor-size-default\">Abogado Especialista en Derecho Comercial<\/h3>\t\t\t\t<\/div>\n\t\t\t\t<\/div>\n\t\t\t\t<div class=\"elementor-element elementor-element-c18b100 elementor-widget-laptop__width-initial elementor-widget elementor-widget-text-editor\" data-id=\"c18b100\" data-element_type=\"widget\" data-widget_type=\"text-editor.default\">\n\t\t\t\t<div class=\"elementor-widget-container\">\n\t\t\t\t\t\t\t\t\t<p>Jorge Enrique Fong Ledesma es Abogado y Gerente de FONG ABOGADOS ASOCIADOS S.A.S., con amplia trayectoria en asesor\u00eda legal en Derecho Civil, Comercial, Laboral y de Seguridad Social. Especializado en Conciliaci\u00f3n y con una destacada experiencia en procesos de recaudo de cartera para entidades bajo supervisi\u00f3n de la Superintendencia Financiera y la Superintendencia de la Econom\u00eda Solidaria.<\/p><p>Adem\u00e1s de su ejercicio profesional, se ha desempe\u00f1ado como docente universitario, lo que le permite combinar la teor\u00eda jur\u00eddica con la pr\u00e1ctica efectiva, brindando a sus clientes soluciones integrales y estrat\u00e9gicas. Su liderazgo y compromiso con la \u00e9tica legal lo posicionan como un referente confiable para quienes requieren una representaci\u00f3n legal seria, personalizada y eficiente.<\/p><p><strong>Informaci\u00f3n Acad\u00e9mica.<\/strong><\/p><ul><li>Abogado. Universidad Santiago de Cali.\u00a0<br \/><em>Especialista en conciliaci\u00f3n. Universidad Santiago de Cali. (2013)<\/em><\/li><li>Especialista en derecho comercial. <em>Universidad Libre, Bogota D.C.<\/em><\/li><\/ul>\t\t\t\t\t\t\t\t<\/div>\n\t\t\t\t<\/div>\n\t\t\t\t\t<\/div>\n\t\t<\/div>\n\t\t\t\t\t<\/div>\n\t\t<\/section>\n\t\t\t\t<div class=\"elementor-element elementor-element-35a26b2 elementor-widget-divider--view-line elementor-widget elementor-widget-divider\" data-id=\"35a26b2\" data-element_type=\"widget\" data-widget_type=\"divider.default\">\n\t\t\t\t<div class=\"elementor-widget-container\">\n\t\t\t\t\t\t\t<div class=\"elementor-divider\">\n\t\t\t<span class=\"elementor-divider-separator\">\n\t\t\t\t\t\t<\/span>\n\t\t<\/div>\n\t\t\t\t\t\t<\/div>\n\t\t\t\t<\/div>\n\t\t\t\t\t<\/div>\n\t\t<\/div>\n\t\t\t\t\t<\/div>\n\t\t<\/section>\n\t\t\t\t<\/div>\n\t\t","protected":false},"excerpt":{"rendered":"<p>Jorge Enrique Fong Ledesma Abogado, Especialista en<\/p>\n","protected":false},"author":1,"featured_media":0,"parent":0,"menu_order":0,"comment_status":"closed","ping_status":"closed","template":"elementor_header_footer","meta":{"footnotes":""},"class_list":["post-7488","page","type-page","status-publish","hentry"],"_links":{"self":[{"href":"https:\/\/www.fongabogados.com\/index.php?rest_route=\/wp\/v2\/pages\/7488","targetHints":{"allow":["GET"]}}],"collection":[{"href":"https:\/\/www.fongabogados.com\/index.php?rest_route=\/wp\/v2\/pages"}],"about":[{"href":"https:\/\/www.fongabogados.com\/index.php?rest_route=\/wp\/v2\/types\/page"}],"author":[{"embeddable":true,"href":"https:\/\/www.fongabogados.com\/index.php?rest_route=\/wp\/v2\/users\/1"}],"replies":[{"embeddable":true,"href":"https:\/\/www.fongabogados.com\/index.php?rest_route=%2Fwp%2Fv2%2Fcomments&post=7488"}],"version-history":[{"count":10,"href":"https:\/\/www.fongabogados.com\/index.php?rest_route=\/wp\/v2\/pages\/7488\/revisions"}],"predecessor-version":[{"id":7667,"href":"https:\/\/www.fongabogados.com\/index.php?rest_route=\/wp\/v2\/pages\/7488\/revisions\/7667"}],"wp:attachment":[{"href":"https:\/\/www.fongabogados.com\/index.php?rest_route=%2Fwp%2Fv2%2Fmedia&parent=7488"}],"curies":[{"name":"wp","href":"https:\/\/api.w.org\/{rel}","templated":true}]}}